{"id":4439,"date":"2021-10-12T16:27:24","date_gmt":"2021-10-12T16:27:24","guid":{"rendered":"http:\/\/dummy.xtemos.com\/woodmart2\/elementor\/?page_id=4439"},"modified":"2025-12-21T22:13:08","modified_gmt":"2025-12-21T22:13:08","slug":"%d8%a7%d8%aa%d8%b5%d9%84-%d8%a8%d9%86%d8%a7","status":"publish","type":"page","link":"https:\/\/chic-dorient.com\/fr\/%d8%a7%d8%aa%d8%b5%d9%84-%d8%a8%d9%86%d8%a7\/","title":{"rendered":"Contactez-nous"},"content":{"rendered":"<div data-elementor-type=\"wp-page\" data-elementor-id=\"4439\" class=\"elementor elementor-4439\">\n\t\t\t\t<div class=\"elementor-element elementor-element-68d0e93 wd-section-stretch-content e-flex e-con-boxed e-con e-parent\" data-id=\"68d0e93\" data-element_type=\"container\">\n\t\t\t\t\t<div class=\"e-con-inner\">\n\t\t\t\t<div class=\"elementor-element elementor-element-ca942f8 elementor-widget elementor-widget-google_maps\" data-id=\"ca942f8\" data-element_type=\"widget\" data-widget_type=\"google_maps.default\">\n\t\t\t\t\t\t\t<div class=\"elementor-custom-embed\">\n\t\t\t<iframe loading=\"lazy\"\n\t\t\t\t\tsrc=\"https:\/\/maps.google.com\/maps?q=Chic%20d%27orient%20fort%20de%20l%27eau%20bordj%20el%20kiffan%2C%20Rue%20Ali%20Khodja%2C%20Bordj%20El%20Kiffan%2016031&#038;t=m&#038;z=12&#038;output=embed&#038;iwloc=near\"\n\t\t\t\t\ttitle=\"Chic d&#039;orient fort de l&#039;eau bordj el kiffan, Rue Ali Khodja, Bordj El Kiffan 16031\"\n\t\t\t\t\taria-label=\"Chic d&#039;orient fort de l&#039;eau bordj el kiffan, Rue Ali Khodja, Bordj El Kiffan 16031\"\n\t\t\t><\/iframe>\n\t\t<\/div>\n\t\t\t\t\t\t<\/div>\n\t\t\t\t\t<\/div>\n\t\t\t\t<\/div>\n\t\t<div class=\"elementor-element elementor-element-5ac44be e-flex e-con-boxed e-con e-parent\" data-id=\"5ac44be\" data-element_type=\"container\" data-no-translation=\"\">\n\t\t\t\t\t<div class=\"e-con-inner\">\n\t\t\t\t<div class=\"elementor-element elementor-element-4f4aed8 wd-width-100 elementor-widget elementor-widget-wd_title\" data-id=\"4f4aed8\" data-element_type=\"widget\" data-widget_type=\"wd_title.default\">\n\t\t\t\t<div class=\"elementor-widget-container\">\n\t\t\t\t\t\t\t<div class=\"title-wrapper wd-set-mb reset-last-child wd-title-color-default wd-title-style-default wd-title-size-default text-center\">\n\n\t\t\t\t\t\t\t\t\t\t\t<div class=\"title-subtitle subtitle-color-default subtitle-style-default wd-fontsize-xs\">\n\t\t\t\t\t\u00e0 propos de nous\t\t\t\t<\/div>\n\t\t\t\n\t\t\t<div class=\"liner-continer\">\n\t\t\t\t<h4 class=\"woodmart-title-container title wd-fontsize-l\">N'h\u00e9sitez pas \u00e0 nous contacter pour toute question.<\/h4> \n\t\t\t\t\t\t\t<\/div>\n\n\t\t\t\t\t<\/div>\n\t\t\t\t\t\t<\/div>\n\t\t\t\t<\/div>\n\t\t\t\t<div class=\"elementor-element elementor-element-ec045d3 wd-cf7 elementor-widget elementor-widget-wd_contact_form_7\" data-id=\"ec045d3\" data-element_type=\"widget\" data-widget_type=\"wd_contact_form_7.default\">\n\t\t\t\t<div class=\"elementor-widget-container\">\n\t\t\t\t\t\n<div class=\"wpcf7 no-js\" id=\"wpcf7-f1572-o2\" lang=\"en-US\" dir=\"ltr\" data-wpcf7-id=\"1572\">\n<div class=\"screen-reader-response\"><p role=\"status\" aria-live=\"polite\" aria-atomic=\"true\"><\/p> <ul><\/ul><\/div>\n<form action=\"\/fr\/wp-json\/wp\/v2\/pages\/4439#wpcf7-f1572-o2\" method=\"post\" class=\"wpcf7-form init\" aria-label=\"Contact form\" novalidate=\"novalidate\" data-status=\"init\" data-trp-original-action=\"\/fr\/wp-json\/wp\/v2\/pages\/4439#wpcf7-f1572-o2\">\n<fieldset class=\"hidden-fields-container\"><input type=\"hidden\" name=\"_wpcf7\" value=\"1572\" \/><input type=\"hidden\" name=\"_wpcf7_version\" value=\"6.1.4\" \/><input type=\"hidden\" name=\"_wpcf7_locale\" value=\"en_US\" \/><input type=\"hidden\" name=\"_wpcf7_unit_tag\" value=\"wpcf7-f1572-o2\" \/><input type=\"hidden\" name=\"_wpcf7_container_post\" value=\"0\" \/><input type=\"hidden\" name=\"_wpcf7_posted_data_hash\" value=\"\" \/>\n<\/fieldset>\n<div class=\"wd-grid-g rtl-form\">\n\t<div class=\"wd-grid-f-stretch\">\n\t\t<div class=\"wd-col\">\n\t\t\t<p><label>\u0627\u0644\u0627\u0633\u0645 \u0627\u0644\u0643\u0627\u0645\u0644<\/label><br \/>\n<span class=\"wpcf7-form-control-wrap\" data-name=\"your-name\"><input size=\"40\" maxlength=\"400\" class=\"wpcf7-form-control wpcf7-text wpcf7-validates-as-required\" aria-required=\"true\" aria-invalid=\"false\" value=\"\" type=\"text\" name=\"your-name\" \/><\/span>\n\t\t\t<\/p>\n\t\t<\/div>\n\t\t<div class=\"wd-col\">\n\t\t\t<p><label>\u0627\u0644\u0628\u0631\u064a\u062f \u0627\u0644\u0625\u0644\u0643\u062a\u0631\u0648\u0646\u064a<\/label><br \/>\n<span class=\"wpcf7-form-control-wrap\" data-name=\"your-email\"><input size=\"40\" maxlength=\"400\" class=\"wpcf7-form-control wpcf7-email wpcf7-validates-as-required wpcf7-text wpcf7-validates-as-email\" aria-required=\"true\" aria-invalid=\"false\" value=\"\" type=\"email\" name=\"your-email\" \/><\/span>\n\t\t\t<\/p>\n\t\t<\/div>\n\t<\/div>\n\t<div class=\"wd-grid-f-stretch\">\n\t\t<div class=\"wd-col\">\n\t\t\t<p><label>\u0631\u0642\u0645 \u0627\u0644\u0647\u0627\u062a\u0641<\/label><br \/>\n<span class=\"wpcf7-form-control-wrap\" data-name=\"tel-767\"><input size=\"40\" maxlength=\"400\" class=\"wpcf7-form-control wpcf7-tel wpcf7-text wpcf7-validates-as-tel\" aria-invalid=\"false\" value=\"\" type=\"tel\" name=\"tel-767\" \/><\/span>\n\t\t\t<\/p>\n\t\t<\/div>\n\t\t<div class=\"wd-col\">\n\t\t\t<p><label>\u0627\u0644\u0634\u0631\u0643\u0629<\/label><br \/>\n<span class=\"wpcf7-form-control-wrap\" data-name=\"text-1\"><input size=\"40\" maxlength=\"400\" class=\"wpcf7-form-control wpcf7-text\" aria-invalid=\"false\" value=\"\" type=\"text\" name=\"text-1\" \/><\/span>\n\t\t\t<\/p>\n\t\t<\/div>\n\t<\/div>\n\t<div>\n\t\t<p><label>\u0631\u0633\u0627\u0644\u062a\u0643<\/label><br \/>\n<span class=\"wpcf7-form-control-wrap\" data-name=\"your-message\"><textarea cols=\"40\" rows=\"10\" maxlength=\"2000\" class=\"wpcf7-form-control wpcf7-textarea\" aria-invalid=\"false\" name=\"your-message\"><\/textarea><\/span>\n\t\t<\/p>\n\t<\/div>\n\t<div>\n\t\t<p><input class=\"wpcf7-form-control wpcf7-submit has-spinner btn-color-black\" type=\"submit\" value=\"\u0625\u0631\u0633\u0627\u0644\" \/>\n\t\t<\/p>\n\t<\/div>\n<\/div><p style=\"display: none !important;\" class=\"akismet-fields-container\" data-prefix=\"_wpcf7_ak_\"><label>&#916;<textarea name=\"_wpcf7_ak_hp_textarea\" cols=\"45\" rows=\"8\" maxlength=\"100\"><\/textarea><\/label><input type=\"hidden\" id=\"ak_js_2\" name=\"_wpcf7_ak_js\" value=\"132\"\/><script>document.getElementById( \"ak_js_2\" ).setAttribute( \"value\", ( new Date() ).getTime() );<\/script><\/p><div class=\"wpcf7-response-output\" aria-hidden=\"true\"><\/div>\n<input type=\"hidden\" name=\"trp-form-language\" value=\"fr\"\/><\/form>\n<\/div>\n\t\t\t\t<\/div>\n\t\t\t\t<\/div>\n\t\t\t\t\t<\/div>\n\t\t\t\t<\/div>\n\t\t<div class=\"elementor-element elementor-element-b49fada e-flex e-con-boxed e-con e-parent\" data-id=\"b49fada\" data-element_type=\"container\" data-no-translation=\"\">\n\t\t\t\t\t<div class=\"e-con-inner\">\n\t\t<div class=\"elementor-element elementor-element-f9ed2cb e-con-full e-flex e-con e-child\" data-id=\"f9ed2cb\" data-element_type=\"container\">\n\t\t\t\t<div class=\"elementor-element elementor-element-ac5abb7 wd-width-100 elementor-widget elementor-widget-wd_title\" data-id=\"ac5abb7\" data-element_type=\"widget\" data-widget_type=\"wd_title.default\">\n\t\t\t\t<div class=\"elementor-widget-container\">\n\t\t\t\t\t\t\t<div class=\"title-wrapper wd-set-mb reset-last-child wd-title-color-default wd-title-style-default wd-title-size-default text-center\">\n\n\t\t\t\t\t\t\t\t\t\t\t<div class=\"title-subtitle subtitle-color-default subtitle-style-default wd-fontsize-xs\">\n\t\t\t\t\tQuestions d'information\t\t\t\t<\/div>\n\t\t\t\n\t\t\t<div class=\"liner-continer\">\n\t\t\t\t<h4 class=\"woodmart-title-container title wd-fontsize-l\">Foire aux questions<\/h4> \n\t\t\t\t\t\t\t<\/div>\n\n\t\t\t\t\t<\/div>\n\t\t\t\t\t\t<\/div>\n\t\t\t\t<\/div>\n\t\t\t\t<div class=\"elementor-element elementor-element-7126aa4 elementor-widget elementor-widget-wd_accordion\" data-id=\"7126aa4\" data-element_type=\"widget\" data-widget_type=\"wd_accordion.default\">\n\t\t\t\t<div class=\"elementor-widget-container\">\n\t\t\t\t\t\n\t\t<div class=\"wd-accordion wd-style-default wd-titles-left wd-opener-pos-left wd-opener-style-arrow\" data-state=\"first\">\n\t\t\t\t\t\t\t\n\t\t\t\t<div class=\"wd-accordion-item\">\n\t\t\t\t\t<div class=\"wd-accordion-title wd-role-btn wd-active\" data-accordion-index=\"0\" tabindex=\"0\">\n\t\t\t\t\t\t<div class=\"wd-accordion-title-text\">\n\t\t\t\t\t\t\t\t\t\t\t\t\t\t<span>\n\t\t\t\t\t\t\t\tVais-je recevoir le m\u00eame produit que celui pr\u00e9sent\u00e9 sur la photo\u00a0?\t\t\t\t\t\t\t<\/span>\n\t\t\t\t\t\t<\/div>\n\t\t\t\t\t\t<span class=\"wd-accordion-opener\"><\/span>\n\t\t\t\t\t<\/div>\n\n\t\t\t\t\t<div class=\"wd-accordion-content wd-entry-content wd-active\" data-accordion-index=\"0\">\n\t\t\t\t\t\t\t\t\t\t\t\t\t\n\t\t\t\t\t\t\t<p>Oui, toutes les images pr\u00e9sent\u00e9es correspondent au produit r\u00e9el et refl\u00e8tent fid\u00e8lement le design, la mati\u00e8re et la broderie. Il peut y avoir une l\u00e9g\u00e8re diff\u00e9rence de couleur due \u00e0 l'\u00e9clairage ou \u00e0 l'affichage de votre \u00e9cran, mais nous vous garantissons que le produit que vous recevrez sera de la m\u00eame qualit\u00e9 et avec les m\u00eames d\u00e9tails que sur les photos.<\/p>\n\t\t\t\t\t\t\t\t\t\t\t\t\t\t\t\t\t\t<\/div>\n\t\t\t\t<\/div>\n\t\t\t\t\t\t\t\n\t\t\t\t<div class=\"wd-accordion-item\">\n\t\t\t\t\t<div class=\"wd-accordion-title wd-role-btn\" data-accordion-index=\"1\" tabindex=\"0\">\n\t\t\t\t\t\t<div class=\"wd-accordion-title-text\">\n\t\t\t\t\t\t\t\t\t\t\t\t\t\t<span>\n\t\t\t\t\t\t\t\tComment puis-je retourner un produit\u00a0?\t\t\t\t\t\t\t<\/span>\n\t\t\t\t\t\t<\/div>\n\t\t\t\t\t\t<span class=\"wd-accordion-opener\"><\/span>\n\t\t\t\t\t<\/div>\n\n\t\t\t\t\t<div class=\"wd-accordion-content wd-entry-content\" data-accordion-index=\"1\">\n\t\t\t\t\t\t\t\t\t\t\t\t\t\n\t\t\t\t\t\t\t<p>Vous pouvez demander un retour dans un d\u00e9lai d\u00e9termin\u00e9 apr\u00e8s r\u00e9ception du produit.<\/p><p>Le produit doit \u00eatre dans son \u00e9tat d'origine, non utilis\u00e9 et non endommag\u00e9.<\/p><p>Pour effectuer un retour, veuillez nous contacter via notre page de contact ou nos comptes officiels.<\/p><p>Nous vous accompagnerons pas \u00e0 pas.<\/p>\n\t\t\t\t\t\t\t\t\t\t\t\t\t\t\t\t\t\t<\/div>\n\t\t\t\t<\/div>\n\t\t\t\t\t\t\t\n\t\t\t\t<div class=\"wd-accordion-item\">\n\t\t\t\t\t<div class=\"wd-accordion-title wd-role-btn\" data-accordion-index=\"2\" tabindex=\"0\">\n\t\t\t\t\t\t<div class=\"wd-accordion-title-text\">\n\t\t\t\t\t\t\t\t\t\t\t\t\t\t<span>\n\t\t\t\t\t\t\t\tLes produits indisponibles seront-ils remis en vente ?\t\t\t\t\t\t\t<\/span>\n\t\t\t\t\t\t<\/div>\n\t\t\t\t\t\t<span class=\"wd-accordion-opener\"><\/span>\n\t\t\t\t\t<\/div>\n\n\t\t\t\t\t<div class=\"wd-accordion-content wd-entry-content\" data-accordion-index=\"2\">\n\t\t\t\t\t\t\t\t\t\t\t\t\t\n\t\t\t\t\t\t\t<p>Oui.<\/p><p>Certains articles sont r\u00e9approvisionn\u00e9s en fonction de la demande.<\/p><p>Nous vous recommandons de consulter notre site web ou de nous contacter pour v\u00e9rifier la disponibilit\u00e9 du produit.<\/p>\n\t\t\t\t\t\t\t\t\t\t\t\t\t\t\t\t\t\t<\/div>\n\t\t\t\t<\/div>\n\t\t\t\t\t\t\t\n\t\t\t\t<div class=\"wd-accordion-item\">\n\t\t\t\t\t<div class=\"wd-accordion-title wd-role-btn\" data-accordion-index=\"3\" tabindex=\"0\">\n\t\t\t\t\t\t<div class=\"wd-accordion-title-text\">\n\t\t\t\t\t\t\t\t\t\t\t\t\t\t<span>\n\t\t\t\t\t\t\t\tO\u00f9 puis-je faire livrer ma commande\u00a0?\t\t\t\t\t\t\t<\/span>\n\t\t\t\t\t\t<\/div>\n\t\t\t\t\t\t<span class=\"wd-accordion-opener\"><\/span>\n\t\t\t\t\t<\/div>\n\n\t\t\t\t\t<div class=\"wd-accordion-content wd-entry-content\" data-accordion-index=\"3\">\n\t\t\t\t\t\t\t\t\t\t\t\t\t\n\t\t\t\t\t\t\t<p>Nous livrons dans tous les L\u00e4nder d'Alg\u00e9rie.<\/p><p>La livraison \u00e0 domicile est possible.<\/p><p>Les d\u00e9tails et les frais de livraison vous seront confirm\u00e9s lors de votre commande.<\/p>\n\t\t\t\t\t\t\t\t\t\t\t\t\t\t\t\t\t\t<\/div>\n\t\t\t\t<\/div>\n\t\t\t\t\t<\/div>\n\t\t\t\t\t\t<\/div>\n\t\t\t\t<\/div>\n\t\t\t\t<\/div>\n\t\t\t\t\t<\/div>\n\t\t\t\t<\/div>\n\t\t\t\t<\/div>","protected":false},"excerpt":{"rendered":"<p>\u0645\u0639\u0644\u0648\u0645\u0627\u062a \u0639\u0646\u0627 \u062a\u0648\u0627\u0635\u0644\u0648\u0627 \u0645\u0639\u0646\u0627 \u0644\u0623\u064a \u0627\u0633\u062a\u0641\u0633\u0627\u0631\u0627\u062a \u0627\u0644\u0627\u0633\u0645 \u0627\u0644\u0643\u0627\u0645\u0644 \u0627\u0644\u0628\u0631\u064a\u062f \u0627\u0644\u0625\u0644\u0643\u062a\u0631\u0648\u0646\u064a \u0631\u0642\u0645 \u0627\u0644\u0647\u0627\u062a\u0641 \u0627\u0644\u0634\u0631\u0643\u0629 \u0631\u0633\u0627\u0644\u062a\u0643 &#916; \u0623\u0633\u0626\u0644\u0629 \u0645\u0639\u0644\u0648\u0645\u0627\u062a\u064a\u0629 \u0627\u0644\u0623\u0633\u0626\u0644\u0629 \u0627\u0644\u0634\u0627\u0626\u0639\u0629 \u0647\u0644<\/p>","protected":false},"author":1,"featured_media":0,"parent":0,"menu_order":0,"comment_status":"closed","ping_status":"closed","template":"","meta":{"_themeisle_gutenberg_block_has_review":false,"footnotes":""},"class_list":["post-4439","page","type-page","status-publish","hentry"],"yoast_head":"<!-- This site is optimized with the Yoast SEO plugin v27.2 - https:\/\/yoast.com\/product\/yoast-seo-wordpress\/ -->\n<title>\u0627\u062a\u0635\u0644 \u0628\u0646\u0627 - Chic d&#039;orient<\/title>\n<meta name=\"robots\" content=\"index, follow, max-snippet:-1, max-image-preview:large, max-video-preview:-1\" \/>\n<link rel=\"canonical\" href=\"https:\/\/chic-dorient.com\/fr\/\u0627\u062a\u0635\u0644-\u0628\u0646\u0627\/\" \/>\n<meta property=\"og:locale\" content=\"fr_FR\" \/>\n<meta property=\"og:type\" content=\"article\" \/>\n<meta property=\"og:title\" content=\"\u0627\u062a\u0635\u0644 \u0628\u0646\u0627 - Chic d&#039;orient\" \/>\n<meta property=\"og:description\" content=\"\u0645\u0639\u0644\u0648\u0645\u0627\u062a \u0639\u0646\u0627 \u062a\u0648\u0627\u0635\u0644\u0648\u0627 \u0645\u0639\u0646\u0627 \u0644\u0623\u064a \u0627\u0633\u062a\u0641\u0633\u0627\u0631\u0627\u062a \u0627\u0644\u0627\u0633\u0645 \u0627\u0644\u0643\u0627\u0645\u0644 \u0627\u0644\u0628\u0631\u064a\u062f \u0627\u0644\u0625\u0644\u0643\u062a\u0631\u0648\u0646\u064a \u0631\u0642\u0645 \u0627\u0644\u0647\u0627\u062a\u0641 \u0627\u0644\u0634\u0631\u0643\u0629 \u0631\u0633\u0627\u0644\u062a\u0643 &#916; \u0623\u0633\u0626\u0644\u0629 \u0645\u0639\u0644\u0648\u0645\u0627\u062a\u064a\u0629 \u0627\u0644\u0623\u0633\u0626\u0644\u0629 \u0627\u0644\u0634\u0627\u0626\u0639\u0629 \u0647\u0644\" \/>\n<meta property=\"og:url\" content=\"https:\/\/chic-dorient.com\/fr\/\u0627\u062a\u0635\u0644-\u0628\u0646\u0627\/\" \/>\n<meta property=\"og:site_name\" content=\"Chic d&#039;orient\" \/>\n<meta property=\"article:publisher\" content=\"https:\/\/www.facebook.com\/chicorient\" \/>\n<meta property=\"article:modified_time\" content=\"2025-12-21T22:13:08+00:00\" \/>\n<meta name=\"twitter:card\" content=\"summary_large_image\" \/>\n<meta name=\"twitter:label1\" content=\"Dur\u00e9e de lecture estim\u00e9e\" \/>\n\t<meta name=\"twitter:data1\" content=\"1 minute\" \/>\n<script type=\"application\/ld+json\" class=\"yoast-schema-graph\">{\"@context\":\"https:\/\/schema.org\",\"@graph\":[{\"@type\":\"WebPage\",\"@id\":\"https:\/\/chic-dorient.com\/%d8%a7%d8%aa%d8%b5%d9%84-%d8%a8%d9%86%d8%a7\/\",\"url\":\"https:\/\/chic-dorient.com\/%d8%a7%d8%aa%d8%b5%d9%84-%d8%a8%d9%86%d8%a7\/\",\"name\":\"\u0627\u062a\u0635\u0644 \u0628\u0646\u0627 - Chic d&#039;orient\",\"isPartOf\":{\"@id\":\"https:\/\/chic-dorient.com\/fr\/#website\"},\"datePublished\":\"2021-10-12T16:27:24+00:00\",\"dateModified\":\"2025-12-21T22:13:08+00:00\",\"breadcrumb\":{\"@id\":\"https:\/\/chic-dorient.com\/%d8%a7%d8%aa%d8%b5%d9%84-%d8%a8%d9%86%d8%a7\/#breadcrumb\"},\"inLanguage\":\"fr-FR\",\"potentialAction\":[{\"@type\":\"ReadAction\",\"target\":[\"https:\/\/chic-dorient.com\/%d8%a7%d8%aa%d8%b5%d9%84-%d8%a8%d9%86%d8%a7\/\"]}]},{\"@type\":\"BreadcrumbList\",\"@id\":\"https:\/\/chic-dorient.com\/%d8%a7%d8%aa%d8%b5%d9%84-%d8%a8%d9%86%d8%a7\/#breadcrumb\",\"itemListElement\":[{\"@type\":\"ListItem\",\"position\":1,\"name\":\"Accueil\",\"item\":\"https:\/\/chic-dorient.com\/\"},{\"@type\":\"ListItem\",\"position\":2,\"name\":\"\u0627\u062a\u0635\u0644 \u0628\u0646\u0627\"}]},{\"@type\":\"WebSite\",\"@id\":\"https:\/\/chic-dorient.com\/fr\/#website\",\"url\":\"https:\/\/chic-dorient.com\/fr\/\",\"name\":\"Chic d'orient\",\"description\":\"\",\"publisher\":{\"@id\":\"https:\/\/chic-dorient.com\/fr\/#organization\"},\"potentialAction\":[{\"@type\":\"SearchAction\",\"target\":{\"@type\":\"EntryPoint\",\"urlTemplate\":\"https:\/\/chic-dorient.com\/fr\/?s={search_term_string}\"},\"query-input\":{\"@type\":\"PropertyValueSpecification\",\"valueRequired\":true,\"valueName\":\"search_term_string\"}}],\"inLanguage\":\"fr-FR\"},{\"@type\":\"Organization\",\"@id\":\"https:\/\/chic-dorient.com\/fr\/#organization\",\"name\":\"Chic d'orient\",\"url\":\"https:\/\/chic-dorient.com\/fr\/\",\"logo\":{\"@type\":\"ImageObject\",\"inLanguage\":\"fr-FR\",\"@id\":\"https:\/\/chic-dorient.com\/fr\/#\/schema\/logo\/image\/\",\"url\":\"https:\/\/chic-dorient.com\/wp-content\/uploads\/2026\/03\/logo-chic-dorient-1-1-1.png\",\"contentUrl\":\"https:\/\/chic-dorient.com\/wp-content\/uploads\/2026\/03\/logo-chic-dorient-1-1-1.png\",\"width\":495,\"height\":201,\"caption\":\"Chic d'orient\"},\"image\":{\"@id\":\"https:\/\/chic-dorient.com\/fr\/#\/schema\/logo\/image\/\"},\"sameAs\":[\"https:\/\/www.facebook.com\/chicorient\",\"https:\/\/www.instagram.com\/chicdorient_\/\"]}]}<\/script>\n<!-- \/ Yoast SEO plugin. -->","yoast_head_json":{"title":"\u0627\u062a\u0635\u0644 \u0628\u0646\u0627 - Chic d&#039;orient","robots":{"index":"index","follow":"follow","max-snippet":"max-snippet:-1","max-image-preview":"max-image-preview:large","max-video-preview":"max-video-preview:-1"},"canonical":"https:\/\/chic-dorient.com\/fr\/\u0627\u062a\u0635\u0644-\u0628\u0646\u0627\/","og_locale":"fr_FR","og_type":"article","og_title":"\u0627\u062a\u0635\u0644 \u0628\u0646\u0627 - Chic d&#039;orient","og_description":"\u0645\u0639\u0644\u0648\u0645\u0627\u062a \u0639\u0646\u0627 \u062a\u0648\u0627\u0635\u0644\u0648\u0627 \u0645\u0639\u0646\u0627 \u0644\u0623\u064a \u0627\u0633\u062a\u0641\u0633\u0627\u0631\u0627\u062a \u0627\u0644\u0627\u0633\u0645 \u0627\u0644\u0643\u0627\u0645\u0644 \u0627\u0644\u0628\u0631\u064a\u062f \u0627\u0644\u0625\u0644\u0643\u062a\u0631\u0648\u0646\u064a \u0631\u0642\u0645 \u0627\u0644\u0647\u0627\u062a\u0641 \u0627\u0644\u0634\u0631\u0643\u0629 \u0631\u0633\u0627\u0644\u062a\u0643 &#916; \u0623\u0633\u0626\u0644\u0629 \u0645\u0639\u0644\u0648\u0645\u0627\u062a\u064a\u0629 \u0627\u0644\u0623\u0633\u0626\u0644\u0629 \u0627\u0644\u0634\u0627\u0626\u0639\u0629 \u0647\u0644","og_url":"https:\/\/chic-dorient.com\/fr\/\u0627\u062a\u0635\u0644-\u0628\u0646\u0627\/","og_site_name":"Chic d&#039;orient","article_publisher":"https:\/\/www.facebook.com\/chicorient","article_modified_time":"2025-12-21T22:13:08+00:00","twitter_card":"summary_large_image","twitter_misc":{"Dur\u00e9e de lecture estim\u00e9e":"1 minute"},"schema":{"@context":"https:\/\/schema.org","@graph":[{"@type":"WebPage","@id":"https:\/\/chic-dorient.com\/%d8%a7%d8%aa%d8%b5%d9%84-%d8%a8%d9%86%d8%a7\/","url":"https:\/\/chic-dorient.com\/%d8%a7%d8%aa%d8%b5%d9%84-%d8%a8%d9%86%d8%a7\/","name":"\u0627\u062a\u0635\u0644 \u0628\u0646\u0627 - Chic d&#039;orient","isPartOf":{"@id":"https:\/\/chic-dorient.com\/fr\/#website"},"datePublished":"2021-10-12T16:27:24+00:00","dateModified":"2025-12-21T22:13:08+00:00","breadcrumb":{"@id":"https:\/\/chic-dorient.com\/%d8%a7%d8%aa%d8%b5%d9%84-%d8%a8%d9%86%d8%a7\/#breadcrumb"},"inLanguage":"fr-FR","potentialAction":[{"@type":"ReadAction","target":["https:\/\/chic-dorient.com\/%d8%a7%d8%aa%d8%b5%d9%84-%d8%a8%d9%86%d8%a7\/"]}]},{"@type":"BreadcrumbList","@id":"https:\/\/chic-dorient.com\/%d8%a7%d8%aa%d8%b5%d9%84-%d8%a8%d9%86%d8%a7\/#breadcrumb","itemListElement":[{"@type":"ListItem","position":1,"name":"Accueil","item":"https:\/\/chic-dorient.com\/"},{"@type":"ListItem","position":2,"name":"\u0627\u062a\u0635\u0644 \u0628\u0646\u0627"}]},{"@type":"WebSite","@id":"https:\/\/chic-dorient.com\/fr\/#website","url":"https:\/\/chic-dorient.com\/fr\/","name":"Chic d'orient","description":"","publisher":{"@id":"https:\/\/chic-dorient.com\/fr\/#organization"},"potentialAction":[{"@type":"SearchAction","target":{"@type":"EntryPoint","urlTemplate":"https:\/\/chic-dorient.com\/fr\/?s={search_term_string}"},"query-input":{"@type":"PropertyValueSpecification","valueRequired":true,"valueName":"search_term_string"}}],"inLanguage":"fr-FR"},{"@type":"Organization","@id":"https:\/\/chic-dorient.com\/fr\/#organization","name":"Chic d'orient","url":"https:\/\/chic-dorient.com\/fr\/","logo":{"@type":"ImageObject","inLanguage":"fr-FR","@id":"https:\/\/chic-dorient.com\/fr\/#\/schema\/logo\/image\/","url":"https:\/\/chic-dorient.com\/wp-content\/uploads\/2026\/03\/logo-chic-dorient-1-1-1.png","contentUrl":"https:\/\/chic-dorient.com\/wp-content\/uploads\/2026\/03\/logo-chic-dorient-1-1-1.png","width":495,"height":201,"caption":"Chic d'orient"},"image":{"@id":"https:\/\/chic-dorient.com\/fr\/#\/schema\/logo\/image\/"},"sameAs":["https:\/\/www.facebook.com\/chicorient","https:\/\/www.instagram.com\/chicdorient_\/"]}]}},"_links":{"self":[{"href":"https:\/\/chic-dorient.com\/fr\/wp-json\/wp\/v2\/pages\/4439","targetHints":{"allow":["GET"]}}],"collection":[{"href":"https:\/\/chic-dorient.com\/fr\/wp-json\/wp\/v2\/pages"}],"about":[{"href":"https:\/\/chic-dorient.com\/fr\/wp-json\/wp\/v2\/types\/page"}],"author":[{"embeddable":true,"href":"https:\/\/chic-dorient.com\/fr\/wp-json\/wp\/v2\/users\/1"}],"replies":[{"embeddable":true,"href":"https:\/\/chic-dorient.com\/fr\/wp-json\/wp\/v2\/comments?post=4439"}],"version-history":[{"count":28,"href":"https:\/\/chic-dorient.com\/fr\/wp-json\/wp\/v2\/pages\/4439\/revisions"}],"predecessor-version":[{"id":29450,"href":"https:\/\/chic-dorient.com\/fr\/wp-json\/wp\/v2\/pages\/4439\/revisions\/29450"}],"wp:attachment":[{"href":"https:\/\/chic-dorient.com\/fr\/wp-json\/wp\/v2\/media?parent=4439"}],"curies":[{"name":"wp","href":"https:\/\/api.w.org\/{rel}","templated":true}]}}